{"id":6,"date":"2025-02-19T07:22:53","date_gmt":"2025-02-19T07:22:53","guid":{"rendered":"https:\/\/drohnenpilot-erksdorf.de\/index.php\/home\/"},"modified":"2025-02-19T08:10:43","modified_gmt":"2025-02-19T08:10:43","slug":"home","status":"publish","type":"page","link":"https:\/\/drohnenpilot-erksdorf.de\/","title":{"rendered":"Home"},"content":{"rendered":"\n<p><strong>Was ist meine<\/strong><\/p>\n\n\n\n<p>Alle Drohneneins\u00e4tze werden gem. der geltenden LuftVO \u00a721h geflogen. Sie werden sorgf\u00e4ltig vorbereitet, um alle kalkulierbaren Risiken vor und w\u00e4hrend dem Drohneneinsatz auszuschlie\u00dfen.<\/p>\n","protected":false},"excerpt":{"rendered":"<p>Was ist meine Alle Drohneneins\u00e4tze werden gem. der geltenden LuftVO \u00a721h geflogen. Sie werden sorgf\u00e4ltig vorbereitet, um alle kalkulierbaren Risiken vor und w\u00e4hrend dem Drohneneinsatz auszuschlie\u00dfen.<\/p>\n","protected":false},"author":1,"featured_media":0,"parent":0,"menu_order":0,"comment_status":"closed","ping_status":"closed","template":"frontpage.php","meta":{"footnotes":""},"class_list":["post-6","page","type-page","status-publish","hentry"],"_links":{"self":[{"href":"https:\/\/drohnenpilot-erksdorf.de\/index.php\/wp-json\/wp\/v2\/pages\/6","targetHints":{"allow":["GET"]}}],"collection":[{"href":"https:\/\/drohnenpilot-erksdorf.de\/index.php\/wp-json\/wp\/v2\/pages"}],"about":[{"href":"https:\/\/drohnenpilot-erksdorf.de\/index.php\/wp-json\/wp\/v2\/types\/page"}],"author":[{"embeddable":true,"href":"https:\/\/drohnenpilot-erksdorf.de\/index.php\/wp-json\/wp\/v2\/users\/1"}],"replies":[{"embeddable":true,"href":"https:\/\/drohnenpilot-erksdorf.de\/index.php\/wp-json\/wp\/v2\/comments?post=6"}],"version-history":[{"count":1,"href":"https:\/\/drohnenpilot-erksdorf.de\/index.php\/wp-json\/wp\/v2\/pages\/6\/revisions"}],"predecessor-version":[{"id":46,"href":"https:\/\/drohnenpilot-erksdorf.de\/index.php\/wp-json\/wp\/v2\/pages\/6\/revisions\/46"}],"wp:attachment":[{"href":"https:\/\/drohnenpilot-erksdorf.de\/index.php\/wp-json\/wp\/v2\/media?parent=6"}],"curies":[{"name":"wp","href":"https:\/\/api.w.org\/{rel}","templated":true}]}}