{"id":56,"date":"2025-02-19T08:38:30","date_gmt":"2025-02-19T08:38:30","guid":{"rendered":"https:\/\/drohnenpilot-erksdorf.de\/?page_id=56"},"modified":"2026-04-17T09:48:28","modified_gmt":"2026-04-17T09:48:28","slug":"kameras","status":"publish","type":"page","link":"https:\/\/drohnenpilot-erksdorf.de\/index.php\/kameras\/","title":{"rendered":"Kameras"},"content":{"rendered":"\n<p><strong>Panasonic Lumix DMC-FZ1000<\/strong><\/p>\n\n\n\n<figure class=\"wp-block-image size-full is-resized\"><img loading=\"lazy\" decoding=\"async\" width=\"750\" height=\"563\" src=\"https:\/\/drohnenpilot-erksdorf.de\/wp-content\/uploads\/2026\/04\/7-1.png\" alt=\"\" class=\"wp-image-209\" style=\"width:220px;height:auto\" srcset=\"https:\/\/drohnenpilot-erksdorf.de\/wp-content\/uploads\/2026\/04\/7-1.png 750w, https:\/\/drohnenpilot-erksdorf.de\/wp-content\/uploads\/2026\/04\/7-1-300x225.png 300w\" sizes=\"auto, (max-width: 750px) 100vw, 750px\" \/><\/figure>\n\n\n\n<p>Die&nbsp;<strong>Panasonic Lumix DMC-FZ1000<\/strong>&nbsp;i<strong>1-Zoll-Sensor<\/strong>&nbsp;und das<strong>Leica 25-400mm Zoomobjektiv<\/strong>&nbsp;<strong>Aufl\u00f6sung von 20,1 Megapixeln<\/strong>&nbsp;und&nbsp;<strong>4K<\/strong>&nbsp;zu filmen.<\/p>\n\n\n\n<p>Was mir an der FZ1000 besonders gef\u00e4llt, ist ihre Vielseitigkeit. Das gro\u00dfe Zoomobjektiv erm\u00f6glicht es mir, sowohl im Weitwinkel- als auch im Telebereich bequem zu fotografieren, ohne die Kamera wechseln zu m\u00fcssen. Auch die&nbsp;<strong>4K-Videofunktion<\/strong>&nbsp;ist optimal.<\/p>\n\n\n\n<p>Au\u00dferdem ist die Kamera trotz ihrer umfangreichen Funktionen immer noch relativ kompakt und leicht, was sie perfekt f\u00fcr Reisen oder spontane Foto-Sessions macht. Die manuelle Steuerung gibt mir die n\u00f6tige Flexibilit\u00e4t, um kreativ zu arbeiten, und insgesamt finde ich die Handhabung und Bildqualit\u00e4t einfach hervorragend.<\/p>\n\n\n\n<hr class=\"wp-block-separator has-alpha-channel-opacity\"\/>\n\n\n\n<p><strong>Panasonic Lumix DMC-FZ20<\/strong><\/p>\n\n\n\n<figure class=\"wp-block-image size-full is-resized\"><img loading=\"lazy\" decoding=\"async\" width=\"1024\" height=\"790\" src=\"https:\/\/drohnenpilot-erksdorf.de\/wp-content\/uploads\/2026\/04\/23.png\" alt=\"\" class=\"wp-image-210\" style=\"width:218px;height:auto\" srcset=\"https:\/\/drohnenpilot-erksdorf.de\/wp-content\/uploads\/2026\/04\/23.png 1024w, https:\/\/drohnenpilot-erksdorf.de\/wp-content\/uploads\/2026\/04\/23-300x231.png 300w, https:\/\/drohnenpilot-erksdorf.de\/wp-content\/uploads\/2026\/04\/23-768x593.png 768w\" sizes=\"auto, (max-width: 1024px) 100vw, 1024px\" \/><\/figure>\n\n\n\n<p>Lumix DMC-FZ20 \u2013 unschlagbar dank 12-fach Zoom und OIS!<br>Die 5 Megapixel FZ20 erreicht mit ihrem 12-fach optischen Zoom eine KB-Brennweite von fantastischen 36-432 mm. Zusammen mit dem OIS: optischen Bildstabilisator und dem Leica DC Vario-Elmarit Objektiv erreichen selbst Fotos im hohen Zoombereich eine extrem hohe Sch\u00e4rfe mit naturgetreuen Farben. Der Venus Engine II Prozessor sorgt dar\u00fcber hinaus f\u00fcr eine extrem kurze Ausl\u00f6severz\u00f6gerung von nur 0,008 Sek. Und dank der vielf\u00e4ltigen manuellen Einstellung M\u00f6glichkeiten ergeben sich die vollen individuellen M\u00f6glichkeiten f\u00fcr jeden ambitionierten Fotografen..<\/p>\n","protected":false},"excerpt":{"rendered":"<p>Panasonic Lumix DMC-FZ1000 Die&nbsp;Panasonic Lumix DMC-FZ1000&nbsp;i1-Zoll-Sensor&nbsp;und dasLeica 25-400mm Zoomobjektiv&nbsp;Aufl\u00f6sung von 20,1 Megapixeln&nbsp;und&nbsp;4K&nbsp;zu filmen. Was mir an der FZ1000 besonders gef\u00e4llt, ist ihre Vielseitigkeit. Das gro\u00dfe Zoomobjektiv erm\u00f6glicht es mir, sowohl im Weitwinkel- als auch im Telebereich bequem zu fotografieren, ohne die Kamera wechseln zu m\u00fcssen. Auch die&nbsp;4K-Videofunktion&nbsp;ist optimal. Au\u00dferdem ist die Kamera trotz ihrer umfangreichen [&hellip;]<\/p>\n","protected":false},"author":1,"featured_media":0,"parent":0,"menu_order":0,"comment_status":"closed","ping_status":"closed","template":"","meta":{"footnotes":""},"class_list":["post-56","page","type-page","status-publish","hentry"],"_links":{"self":[{"href":"https:\/\/drohnenpilot-erksdorf.de\/index.php\/wp-json\/wp\/v2\/pages\/56","targetHints":{"allow":["GET"]}}],"collection":[{"href":"https:\/\/drohnenpilot-erksdorf.de\/index.php\/wp-json\/wp\/v2\/pages"}],"about":[{"href":"https:\/\/drohnenpilot-erksdorf.de\/index.php\/wp-json\/wp\/v2\/types\/page"}],"author":[{"embeddable":true,"href":"https:\/\/drohnenpilot-erksdorf.de\/index.php\/wp-json\/wp\/v2\/users\/1"}],"replies":[{"embeddable":true,"href":"https:\/\/drohnenpilot-erksdorf.de\/index.php\/wp-json\/wp\/v2\/comments?post=56"}],"version-history":[{"count":3,"href":"https:\/\/drohnenpilot-erksdorf.de\/index.php\/wp-json\/wp\/v2\/pages\/56\/revisions"}],"predecessor-version":[{"id":211,"href":"https:\/\/drohnenpilot-erksdorf.de\/index.php\/wp-json\/wp\/v2\/pages\/56\/revisions\/211"}],"wp:attachment":[{"href":"https:\/\/drohnenpilot-erksdorf.de\/index.php\/wp-json\/wp\/v2\/media?parent=56"}],"curies":[{"name":"wp","href":"https:\/\/api.w.org\/{rel}","templated":true}]}}