{"id":54,"date":"2025-02-19T08:38:30","date_gmt":"2025-02-19T08:38:30","guid":{"rendered":"https:\/\/drohnenpilot-erksdorf.de\/?page_id=54"},"modified":"2026-04-17T09:49:18","modified_gmt":"2026-04-17T09:49:18","slug":"drohnen","status":"publish","type":"page","link":"https:\/\/drohnenpilot-erksdorf.de\/index.php\/drohnen\/","title":{"rendered":"Drohnen"},"content":{"rendered":"\n<h2 class=\"wp-block-heading\">Drohnen<\/h2>\n\n\n\n<blockquote class=\"wp-block-quote is-layout-flow wp-block-quote-is-layout-flow\">\n<p><strong>Antigravity A1<\/strong>&nbsp;<\/p>\n<\/blockquote>\n\n\n\n<figure class=\"wp-block-image size-large is-resized\"><img loading=\"lazy\" decoding=\"async\" width=\"1024\" height=\"1024\" src=\"https:\/\/drohnenpilot-erksdorf.de\/wp-content\/uploads\/2026\/04\/\u6807\u51c6\u5957\u99101204-1024x1024.png\" alt=\"\" class=\"wp-image-199\" style=\"width:231px;height:auto\" srcset=\"https:\/\/drohnenpilot-erksdorf.de\/wp-content\/uploads\/2026\/04\/\u6807\u51c6\u5957\u99101204-1024x1024.png 1024w, https:\/\/drohnenpilot-erksdorf.de\/wp-content\/uploads\/2026\/04\/\u6807\u51c6\u5957\u99101204-300x300.png 300w, https:\/\/drohnenpilot-erksdorf.de\/wp-content\/uploads\/2026\/04\/\u6807\u51c6\u5957\u99101204-150x150.png 150w, https:\/\/drohnenpilot-erksdorf.de\/wp-content\/uploads\/2026\/04\/\u6807\u51c6\u5957\u99101204-768x768.png 768w, https:\/\/drohnenpilot-erksdorf.de\/wp-content\/uploads\/2026\/04\/\u6807\u51c6\u5957\u99101204.png 1200w\" sizes=\"auto, (max-width: 1024px) 100vw, 1024px\" \/><\/figure>\n\n\n\n<p>Die&nbsp;<strong>Antigravity A1<\/strong>&nbsp;ist die&nbsp;weltweit erste integrierte 8K-360\u00b0-Kamera-Drohne. Sie kombiniert immersive Flugerlebnisse mit einer &#8222;Fly first, frame later&#8220;-Philosophie, bei der die gesamte Umgebung in einer 8K-Sph\u00e4re aufgenommen wird, um den Bildausschnitt erst nachtr\u00e4glich in der Bearbeitung festzulegen.<\/p>\n\n\n\n<hr class=\"wp-block-separator has-alpha-channel-opacity\"\/>\n\n\n\n<blockquote class=\"wp-block-quote is-layout-flow wp-block-quote-is-layout-flow\">\n<p><strong>&nbsp;DJI Mini 3 Pro<\/strong><\/p>\n<\/blockquote>\n\n\n\n<figure class=\"wp-block-image size-large is-resized\"><img loading=\"lazy\" decoding=\"async\" width=\"1024\" height=\"576\" src=\"https:\/\/drohnenpilot-erksdorf.de\/wp-content\/uploads\/2026\/04\/mini-1024x576.png\" alt=\"\" class=\"wp-image-207\" style=\"width:277px;height:auto\" srcset=\"https:\/\/drohnenpilot-erksdorf.de\/wp-content\/uploads\/2026\/04\/mini-1024x576.png 1024w, https:\/\/drohnenpilot-erksdorf.de\/wp-content\/uploads\/2026\/04\/mini-300x169.png 300w, https:\/\/drohnenpilot-erksdorf.de\/wp-content\/uploads\/2026\/04\/mini-768x432.png 768w, https:\/\/drohnenpilot-erksdorf.de\/wp-content\/uploads\/2026\/04\/mini-1536x864.png 1536w, https:\/\/drohnenpilot-erksdorf.de\/wp-content\/uploads\/2026\/04\/mini.png 2048w\" sizes=\"auto, (max-width: 1024px) 100vw, 1024px\" \/><\/figure>\n\n\n\n<p>Im April 2022 hat DJI die DJI Mini 3 Pro vorgestellt, den Nachfolger der DJI Mini 2. Die DJI Mini 3 Pro besticht durch ihre 4K-Videoaufnahme mit bis zu 60 fps, das fortschrittliche Signal\u00fcbertragungssystem DJI OcuSync 3.0 bzw. DJI O3, ihre \u00e4u\u00dferst kompakten Ma\u00dfe sowie zahlreiche praktische Funktionen. Betrachtet man die technischen Daten, kann die DJI Mini 3 Pro in vielen Bereichen problemlos mit deutlich teureren Modellen konkurrieren \u2013 weshalb sie auch f\u00fcr professionelle Anwender eine gute Wahl ist. Wer einen \u00dcberblick \u00fcber die Spezifikationen der DJI Mini 3 Pro erhalten m\u00f6chte, sollte sich die folgende \u00dcbersicht genauer ansehen.<\/p>\n\n\n\n<p>Da Sie unter 250 gr. wiegt, kann man auch sehr unkompliziert fliegen und aufnahmen machen.<\/p>\n\n\n\n<hr class=\"wp-block-separator has-alpha-channel-opacity\"\/>\n","protected":false},"excerpt":{"rendered":"<p>Drohnen Antigravity A1&nbsp; Die&nbsp;Antigravity A1&nbsp;ist die&nbsp;weltweit erste integrierte 8K-360\u00b0-Kamera-Drohne. Sie kombiniert immersive Flugerlebnisse mit einer &#8222;Fly first, frame later&#8220;-Philosophie, bei der die gesamte Umgebung in einer 8K-Sph\u00e4re aufgenommen wird, um den Bildausschnitt erst nachtr\u00e4glich in der Bearbeitung festzulegen. &nbsp;DJI Mini 3 Pro Im April 2022 hat DJI die DJI Mini 3 Pro vorgestellt, den Nachfolger [&hellip;]<\/p>\n","protected":false},"author":1,"featured_media":0,"parent":0,"menu_order":0,"comment_status":"closed","ping_status":"closed","template":"","meta":{"footnotes":""},"class_list":["post-54","page","type-page","status-publish","hentry"],"_links":{"self":[{"href":"https:\/\/drohnenpilot-erksdorf.de\/index.php\/wp-json\/wp\/v2\/pages\/54","targetHints":{"allow":["GET"]}}],"collection":[{"href":"https:\/\/drohnenpilot-erksdorf.de\/index.php\/wp-json\/wp\/v2\/pages"}],"about":[{"href":"https:\/\/drohnenpilot-erksdorf.de\/index.php\/wp-json\/wp\/v2\/types\/page"}],"author":[{"embeddable":true,"href":"https:\/\/drohnenpilot-erksdorf.de\/index.php\/wp-json\/wp\/v2\/users\/1"}],"replies":[{"embeddable":true,"href":"https:\/\/drohnenpilot-erksdorf.de\/index.php\/wp-json\/wp\/v2\/comments?post=54"}],"version-history":[{"count":8,"href":"https:\/\/drohnenpilot-erksdorf.de\/index.php\/wp-json\/wp\/v2\/pages\/54\/revisions"}],"predecessor-version":[{"id":212,"href":"https:\/\/drohnenpilot-erksdorf.de\/index.php\/wp-json\/wp\/v2\/pages\/54\/revisions\/212"}],"wp:attachment":[{"href":"https:\/\/drohnenpilot-erksdorf.de\/index.php\/wp-json\/wp\/v2\/media?parent=54"}],"curies":[{"name":"wp","href":"https:\/\/api.w.org\/{rel}","templated":true}]}}