{"id":53,"date":"2025-02-19T08:38:30","date_gmt":"2025-02-19T08:38:30","guid":{"rendered":"https:\/\/drohnenpilot-erksdorf.de\/?page_id=53"},"modified":"2025-06-23T14:12:22","modified_gmt":"2025-06-23T14:12:22","slug":"ueber-mich","status":"publish","type":"page","link":"https:\/\/drohnenpilot-erksdorf.de\/index.php\/ueber-mich\/","title":{"rendered":"\u00dcber mich"},"content":{"rendered":"\n<h2 class=\"wp-block-heading\"><\/h2>\n\n\n\n<figure class=\"wp-block-image size-full is-resized\"><img loading=\"lazy\" decoding=\"async\" width=\"344\" height=\"256\" src=\"https:\/\/drohnenpilot-erksdorf.de\/wp-content\/uploads\/2025\/02\/ich.png\" alt=\"\" class=\"wp-image-47\" style=\"width:164px;height:auto\" srcset=\"https:\/\/drohnenpilot-erksdorf.de\/wp-content\/uploads\/2025\/02\/ich.png 344w, https:\/\/drohnenpilot-erksdorf.de\/wp-content\/uploads\/2025\/02\/ich-300x223.png 300w\" sizes=\"auto, (max-width: 344px) 100vw, 344px\" \/><\/figure>\n\n\n\n<p>Thorsten Altmannsberger \u2013 Leidenschaft f\u00fcr Fotografie und Drohnenflug<\/p>\n\n\n\n<p><strong>\u00dcber mich:<\/strong><\/p>\n\n\n\n<ul class=\"wp-block-list\">\n<li>Thorsten Altmannsberger<\/li>\n\n\n\n<li>verheiratet<\/li>\n\n\n\n<li>1981 in der Pfalz geboren<\/li>\n<\/ul>\n\n\n\n<p><strong>Drohnenflieger mit Erfahrung:<\/strong><\/p>\n\n\n\n<p>Ich setze Drohnen in unterschiedlichsten Umgebungen ein \u2013 sei es in st\u00e4dtischen Gebieten, in der Natur oder in schwer zug\u00e4nglichen, herausfordernden Regionen. Dabei achte ich stets auf h\u00f6chste Sicherheitsstandards und halte alle gesetzlichen Vorgaben ein.<\/p>\n\n\n\n<p><strong>Fotografie aus der Luft:<\/strong><\/p>\n\n\n\n<p>Ich habe mich darauf spezialisiert, beeindruckende Bilder von Landschaften, Geb\u00e4uden und Natur zu erstellen, die sowohl f\u00fcr private als auch f\u00fcr kommerzielle Zwecke genutzt werden k\u00f6nnen. Dabei verwende ich modernste Technik, um stets die bestm\u00f6gliche Bildqualit\u00e4t zu gew\u00e4hrleisten.<\/p>\n\n\n\n<p><strong>Fotografie vom Boden:<\/strong><\/p>\n\n\n\n<p>Auch auf dem Boden bin ich mit der Panasonic Lumix DMC-FZ1000 oder der Panasonic Lumix DMC-FZ20<\/p>\n\n\n\n<p>gut ausgestattet.<\/p>\n\n\n\n<p><strong>Zertifikate und Qualifikationen:<\/strong><\/p>\n\n\n\n<p>Drohnenf\u00fchrerschein A1\/A3: Dieser Flugschein<br>Drohnenf\u00fchrerschein der Bundeswehr : Kategorie 1B<\/p>\n\n\n\n<p><br><strong>Mein Ziel:<\/strong><\/p>\n\n\n\n<p>Ich stehe dir gerne f\u00fcr Projekte jeder Art zur Verf\u00fcgung, wenn du an einem Drohnenflug oder Luftaufnahmen interessiert bist. Es freut mich sehr, deine Ideen aus einer ganz neuen Perspektive umzusetzen und gemeinsam beeindruckende Ergebnisse zu erzielen.<\/p>\n\n\n\n<p>Melde dich einfach \u00fcber das&nbsp;<a href=\"https:\/\/drohnenpilot-erksdorf.de\/index.php\/kontakt\/\">Kontaktformular<\/a><\/p>\n\n\n\n<p><\/p>\n","protected":false},"excerpt":{"rendered":"<p>Thorsten Altmannsberger \u2013 Leidenschaft f\u00fcr Fotografie und Drohnenflug \u00dcber mich: Drohnenflieger mit Erfahrung: Ich setze Drohnen in unterschiedlichsten Umgebungen ein \u2013 sei es in st\u00e4dtischen Gebieten, in der Natur oder in schwer zug\u00e4nglichen, herausfordernden Regionen. Dabei achte ich stets auf h\u00f6chste Sicherheitsstandards und halte alle gesetzlichen Vorgaben ein. Fotografie aus der Luft: Ich habe mich [&hellip;]<\/p>\n","protected":false},"author":1,"featured_media":0,"parent":0,"menu_order":0,"comment_status":"closed","ping_status":"closed","template":"","meta":{"footnotes":""},"class_list":["post-53","page","type-page","status-publish","hentry"],"_links":{"self":[{"href":"https:\/\/drohnenpilot-erksdorf.de\/index.php\/wp-json\/wp\/v2\/pages\/53","targetHints":{"allow":["GET"]}}],"collection":[{"href":"https:\/\/drohnenpilot-erksdorf.de\/index.php\/wp-json\/wp\/v2\/pages"}],"about":[{"href":"https:\/\/drohnenpilot-erksdorf.de\/index.php\/wp-json\/wp\/v2\/types\/page"}],"author":[{"embeddable":true,"href":"https:\/\/drohnenpilot-erksdorf.de\/index.php\/wp-json\/wp\/v2\/users\/1"}],"replies":[{"embeddable":true,"href":"https:\/\/drohnenpilot-erksdorf.de\/index.php\/wp-json\/wp\/v2\/comments?post=53"}],"version-history":[{"count":5,"href":"https:\/\/drohnenpilot-erksdorf.de\/index.php\/wp-json\/wp\/v2\/pages\/53\/revisions"}],"predecessor-version":[{"id":193,"href":"https:\/\/drohnenpilot-erksdorf.de\/index.php\/wp-json\/wp\/v2\/pages\/53\/revisions\/193"}],"wp:attachment":[{"href":"https:\/\/drohnenpilot-erksdorf.de\/index.php\/wp-json\/wp\/v2\/media?parent=53"}],"curies":[{"name":"wp","href":"https:\/\/api.w.org\/{rel}","templated":true}]}}