{"id":161,"date":"2025-02-20T10:05:42","date_gmt":"2025-02-20T10:05:42","guid":{"rendered":"https:\/\/drohnenpilot-erksdorf.de\/?page_id=161"},"modified":"2025-02-20T10:05:42","modified_gmt":"2025-02-20T10:05:42","slug":"naturfotografie","status":"publish","type":"page","link":"https:\/\/drohnenpilot-erksdorf.de\/index.php\/naturfotografie\/","title":{"rendered":"Naturfotografie"},"content":{"rendered":"\n<p>Naturfotografie oder Naturphotographie ist ein Bereich der Fotografie, dessen Interesse der Natur, den nat\u00fcrlichen Ph\u00e4nomenen, Landschaften und Lebewesen gilt.<\/p>\n\n\n\n<p>Ich mache \u00fcberall Bilder.<\/p>\n","protected":false},"excerpt":{"rendered":"<p>Naturfotografie oder Naturphotographie ist ein Bereich der Fotografie, dessen Interesse der Natur, den nat\u00fcrlichen Ph\u00e4nomenen, Landschaften und Lebewesen gilt. Ich mache \u00fcberall Bilder.<\/p>\n","protected":false},"author":1,"featured_media":0,"parent":0,"menu_order":0,"comment_status":"closed","ping_status":"closed","template":"","meta":{"footnotes":""},"class_list":["post-161","page","type-page","status-publish","hentry"],"_links":{"self":[{"href":"https:\/\/drohnenpilot-erksdorf.de\/index.php\/wp-json\/wp\/v2\/pages\/161","targetHints":{"allow":["GET"]}}],"collection":[{"href":"https:\/\/drohnenpilot-erksdorf.de\/index.php\/wp-json\/wp\/v2\/pages"}],"about":[{"href":"https:\/\/drohnenpilot-erksdorf.de\/index.php\/wp-json\/wp\/v2\/types\/page"}],"author":[{"embeddable":true,"href":"https:\/\/drohnenpilot-erksdorf.de\/index.php\/wp-json\/wp\/v2\/users\/1"}],"replies":[{"embeddable":true,"href":"https:\/\/drohnenpilot-erksdorf.de\/index.php\/wp-json\/wp\/v2\/comments?post=161"}],"version-history":[{"count":1,"href":"https:\/\/drohnenpilot-erksdorf.de\/index.php\/wp-json\/wp\/v2\/pages\/161\/revisions"}],"predecessor-version":[{"id":162,"href":"https:\/\/drohnenpilot-erksdorf.de\/index.php\/wp-json\/wp\/v2\/pages\/161\/revisions\/162"}],"wp:attachment":[{"href":"https:\/\/drohnenpilot-erksdorf.de\/index.php\/wp-json\/wp\/v2\/media?parent=161"}],"curies":[{"name":"wp","href":"https:\/\/api.w.org\/{rel}","templated":true}]}}