{"id":158,"date":"2025-02-20T10:04:11","date_gmt":"2025-02-20T10:04:11","guid":{"rendered":"https:\/\/drohnenpilot-erksdorf.de\/?page_id=158"},"modified":"2025-02-20T10:04:11","modified_gmt":"2025-02-20T10:04:11","slug":"thermografie-an-photovoltaikanlagen","status":"publish","type":"page","link":"https:\/\/drohnenpilot-erksdorf.de\/index.php\/thermografie-an-photovoltaikanlagen\/","title":{"rendered":"Thermografie an Photovoltaikanlagen"},"content":{"rendered":"\n<h1 class=\"wp-block-heading\"><\/h1>\n\n\n\n<p>Ihre Photovoltaikanlage hat Leistungseinbu\u00dfen und liefert weniger Ertrag? Sie vermuten defekte Photovoltaikmodule? Sie haben eine neue Photovoltaikanlage und wollen die Funktionsf\u00e4higkeit unabh\u00e4ngig \u00fcberpr\u00fcfen? Dann sind Sie hier genau richtig. Ich bieten L\u00f6sungen und suchen mit Drohnen, ausgestattet mit messgenauen W\u00e4rmebildkameras, nach Fehlern und Defekten an Photovoltaikanlagen<\/p>\n\n\n\n<p><\/p>\n","protected":false},"excerpt":{"rendered":"<p>Ihre Photovoltaikanlage hat Leistungseinbu\u00dfen und liefert weniger Ertrag? Sie vermuten defekte Photovoltaikmodule? Sie haben eine neue Photovoltaikanlage und wollen die Funktionsf\u00e4higkeit unabh\u00e4ngig \u00fcberpr\u00fcfen? Dann sind Sie hier genau richtig. Ich bieten L\u00f6sungen und suchen mit Drohnen, ausgestattet mit messgenauen W\u00e4rmebildkameras, nach Fehlern und Defekten an Photovoltaikanlagen<\/p>\n","protected":false},"author":1,"featured_media":0,"parent":0,"menu_order":0,"comment_status":"closed","ping_status":"closed","template":"","meta":{"footnotes":""},"class_list":["post-158","page","type-page","status-publish","hentry"],"_links":{"self":[{"href":"https:\/\/drohnenpilot-erksdorf.de\/index.php\/wp-json\/wp\/v2\/pages\/158","targetHints":{"allow":["GET"]}}],"collection":[{"href":"https:\/\/drohnenpilot-erksdorf.de\/index.php\/wp-json\/wp\/v2\/pages"}],"about":[{"href":"https:\/\/drohnenpilot-erksdorf.de\/index.php\/wp-json\/wp\/v2\/types\/page"}],"author":[{"embeddable":true,"href":"https:\/\/drohnenpilot-erksdorf.de\/index.php\/wp-json\/wp\/v2\/users\/1"}],"replies":[{"embeddable":true,"href":"https:\/\/drohnenpilot-erksdorf.de\/index.php\/wp-json\/wp\/v2\/comments?post=158"}],"version-history":[{"count":1,"href":"https:\/\/drohnenpilot-erksdorf.de\/index.php\/wp-json\/wp\/v2\/pages\/158\/revisions"}],"predecessor-version":[{"id":159,"href":"https:\/\/drohnenpilot-erksdorf.de\/index.php\/wp-json\/wp\/v2\/pages\/158\/revisions\/159"}],"wp:attachment":[{"href":"https:\/\/drohnenpilot-erksdorf.de\/index.php\/wp-json\/wp\/v2\/media?parent=158"}],"curies":[{"name":"wp","href":"https:\/\/api.w.org\/{rel}","templated":true}]}}