{"id":131,"date":"2025-02-20T09:25:44","date_gmt":"2025-02-20T09:25:44","guid":{"rendered":"https:\/\/drohnenpilot-erksdorf.de\/?page_id=131"},"modified":"2025-02-20T09:25:44","modified_gmt":"2025-02-20T09:25:44","slug":"digitalkamera","status":"publish","type":"page","link":"https:\/\/drohnenpilot-erksdorf.de\/index.php\/digitalkamera\/","title":{"rendered":"Digitalkamera"},"content":{"rendered":"\n<p>Fr\u00fcher plante man f\u00fcr den Urlaub die Verwendung eines Fotoapparates sorgf\u00e4ltig und ber\u00fccksichtigte die Kosten f\u00fcr Filme und Bildentwicklung. Heute ist die digitale Fotografie weit verbreitet, und der Text beleuchtet die Vor- und Nachteile dieser Technik.<\/p>\n\n\n\n<p>Ein Vorteil der digitalen Fotografie sind die variierenden Anschaffungskosten. Im Vergleich zur analogen Fotografie entstehen keine Folgekosten durch Filmk\u00e4ufe, und die Bildentwicklung entf\u00e4llt, da Bilder direkt am Computer betrachtet werden k\u00f6nnen. Ein weiterer Pluspunkt ist die einfache Handhabung durch den LCD-Bildschirm, der Vorschau und \u00dcberpr\u00fcfung der Fotos erm\u00f6glicht. Digitale Kameras k\u00f6nnen auch viele Bilder auf Speicherkarten speichern, wodurch der l\u00e4stige Filmwechsel entf\u00e4llt.<\/p>\n\n\n\n<p>Die M\u00f6glichkeiten zur Bildbearbeitung und zum Erstellen von Fotoalben erh\u00f6hen den Spa\u00dffaktor der digitalen Fotografie. Jedoch gibt es auch einige Nachteile. Digitale Kameras ben\u00f6tigen mehr Energie, insbesondere f\u00fcr den Monitor und den Sensor. Ersatzakkus k\u00f6nnen teuer sein. Ein weiteres Problem ist, dass das Management digitaler Fotos viel technisches Wissen erfordert, um Fotos zu sortieren, zu \u00fcbertragen und zu bearbeiten. Auch die Archivierung kann problematisch sein, da digitale Daten nicht unbegrenzt haltbar sind. W\u00e4hrend Filme bei richtiger Lagerung lange bestehen, m\u00fcssen digitale Daten regelm\u00e4\u00dfig auf neue Medien transferiert werden.<\/p>\n\n\n\n<p>Trotz dieser Nachteile \u00fcberwiegen die Vorteile der digitalen Fotografie. Mit Wissen und Technikverst\u00e4ndnis lassen sich die Herausforderungen meistern. Besonders beim Kauf einer Digitalkamera ist es wichtig, die Qualit\u00e4t und die entscheidenden Komponenten zu verstehen. Der Artikel verweist ebenfalls auf weitere Informationen zur Megapixel-Zahl und deren Bedeutung f\u00fcr die Bildqualit\u00e4t.<\/p>\n","protected":false},"excerpt":{"rendered":"<p>Fr\u00fcher plante man f\u00fcr den Urlaub die Verwendung eines Fotoapparates sorgf\u00e4ltig und ber\u00fccksichtigte die Kosten f\u00fcr Filme und Bildentwicklung. Heute ist die digitale Fotografie weit verbreitet, und der Text beleuchtet die Vor- und Nachteile dieser Technik. Ein Vorteil der digitalen Fotografie sind die variierenden Anschaffungskosten. Im Vergleich zur analogen Fotografie entstehen keine Folgekosten durch Filmk\u00e4ufe, [&hellip;]<\/p>\n","protected":false},"author":1,"featured_media":0,"parent":0,"menu_order":0,"comment_status":"closed","ping_status":"closed","template":"","meta":{"footnotes":""},"class_list":["post-131","page","type-page","status-publish","hentry"],"_links":{"self":[{"href":"https:\/\/drohnenpilot-erksdorf.de\/index.php\/wp-json\/wp\/v2\/pages\/131","targetHints":{"allow":["GET"]}}],"collection":[{"href":"https:\/\/drohnenpilot-erksdorf.de\/index.php\/wp-json\/wp\/v2\/pages"}],"about":[{"href":"https:\/\/drohnenpilot-erksdorf.de\/index.php\/wp-json\/wp\/v2\/types\/page"}],"author":[{"embeddable":true,"href":"https:\/\/drohnenpilot-erksdorf.de\/index.php\/wp-json\/wp\/v2\/users\/1"}],"replies":[{"embeddable":true,"href":"https:\/\/drohnenpilot-erksdorf.de\/index.php\/wp-json\/wp\/v2\/comments?post=131"}],"version-history":[{"count":1,"href":"https:\/\/drohnenpilot-erksdorf.de\/index.php\/wp-json\/wp\/v2\/pages\/131\/revisions"}],"predecessor-version":[{"id":132,"href":"https:\/\/drohnenpilot-erksdorf.de\/index.php\/wp-json\/wp\/v2\/pages\/131\/revisions\/132"}],"wp:attachment":[{"href":"https:\/\/drohnenpilot-erksdorf.de\/index.php\/wp-json\/wp\/v2\/media?parent=131"}],"curies":[{"name":"wp","href":"https:\/\/api.w.org\/{rel}","templated":true}]}}