{"id":128,"date":"2025-02-20T09:19:26","date_gmt":"2025-02-20T09:19:26","guid":{"rendered":"https:\/\/drohnenpilot-erksdorf.de\/?page_id=128"},"modified":"2025-02-20T09:19:26","modified_gmt":"2025-02-20T09:19:26","slug":"2-drohnenfotografie","status":"publish","type":"page","link":"https:\/\/drohnenpilot-erksdorf.de\/index.php\/2-drohnenfotografie\/","title":{"rendered":"2. Drohnenfotografie:"},"content":{"rendered":"\n<p>\u2022 Drohnen fotografieren Luftbilder und sind f\u00fcr Profis und Hobbyfotografen zug\u00e4nglicher geworden.<\/p>\n\n\n\n<p>\u2022 Zu beachten sind die Flugf\u00e4higkeiten der Drohne und die Kameratechnologie. Vor jedem Einsatz ist zu schauen was man f\u00fcr eine Drohne braucht.<\/p>\n\n\n\n<p>\u2022 Empfehlungen f\u00fcr das Fliegen in offenen R\u00e4umen und die Einhaltung lokaler Vorschriften.<\/p>\n\n\n\n<p>\u2022 Hochfliegen f\u00fcr eine bessere \u00dcbersicht ist wichtig, aber auch tiefere Fl\u00fcge zeigen interessante Perspektiven. &nbsp;Aber in Deutschland darf man die 120 Meter ohne Genehmigung nicht \u00fcberfliegen<\/p>\n\n\n\n<p>\u2022 Abh\u00e4ngig von den Bedingungen empfiehlt es sich, anfangs im Automatikmodus zu fotografieren und sp\u00e4ter in den manuellen Modus \u00fcberzugehen.<\/p>\n\n\n\n<p>\u2022 Nutzen von Filter- und Belichtungstechniken zur Verbesserung der Bildqualit\u00e4t.<\/p>\n\n\n\n<p>Fazit:<\/p>\n\n\n\n<p>Drohnen revolutionieren die Luftbildfotografie, obwohl die Einhaltung von Regeln und Datenschutzfragen ber\u00fccksichtigt werden m\u00fcssen. Es wird erwartet, dass die kreativen M\u00f6glichkeiten der Drohnenfotografie weiter zunehmen und Fotografen neue Perspektiven und Techniken erforschen.<\/p>\n\n\n\n<p><strong><em>Alle Drohneneins\u00e4tze werden gem. der geltenden LuftVO \u00a721h geflogen. Sie werden sorgf\u00e4ltig vorbereitet, um alle kalkulierbaren Risiken vor und w\u00e4hrend dem Drohneneinsatz auszuschlie\u00dfen.<\/em><\/strong><\/p>\n\n\n\n<p><\/p>\n","protected":false},"excerpt":{"rendered":"<p>\u2022 Drohnen fotografieren Luftbilder und sind f\u00fcr Profis und Hobbyfotografen zug\u00e4nglicher geworden. \u2022 Zu beachten sind die Flugf\u00e4higkeiten der Drohne und die Kameratechnologie. Vor jedem Einsatz ist zu schauen was man f\u00fcr eine Drohne braucht. \u2022 Empfehlungen f\u00fcr das Fliegen in offenen R\u00e4umen und die Einhaltung lokaler Vorschriften. \u2022 Hochfliegen f\u00fcr eine bessere \u00dcbersicht ist [&hellip;]<\/p>\n","protected":false},"author":1,"featured_media":0,"parent":0,"menu_order":0,"comment_status":"closed","ping_status":"closed","template":"","meta":{"footnotes":""},"class_list":["post-128","page","type-page","status-publish","hentry"],"_links":{"self":[{"href":"https:\/\/drohnenpilot-erksdorf.de\/index.php\/wp-json\/wp\/v2\/pages\/128","targetHints":{"allow":["GET"]}}],"collection":[{"href":"https:\/\/drohnenpilot-erksdorf.de\/index.php\/wp-json\/wp\/v2\/pages"}],"about":[{"href":"https:\/\/drohnenpilot-erksdorf.de\/index.php\/wp-json\/wp\/v2\/types\/page"}],"author":[{"embeddable":true,"href":"https:\/\/drohnenpilot-erksdorf.de\/index.php\/wp-json\/wp\/v2\/users\/1"}],"replies":[{"embeddable":true,"href":"https:\/\/drohnenpilot-erksdorf.de\/index.php\/wp-json\/wp\/v2\/comments?post=128"}],"version-history":[{"count":1,"href":"https:\/\/drohnenpilot-erksdorf.de\/index.php\/wp-json\/wp\/v2\/pages\/128\/revisions"}],"predecessor-version":[{"id":129,"href":"https:\/\/drohnenpilot-erksdorf.de\/index.php\/wp-json\/wp\/v2\/pages\/128\/revisions\/129"}],"wp:attachment":[{"href":"https:\/\/drohnenpilot-erksdorf.de\/index.php\/wp-json\/wp\/v2\/media?parent=128"}],"curies":[{"name":"wp","href":"https:\/\/api.w.org\/{rel}","templated":true}]}}